{"id":3099,"date":"2025-01-07T07:25:09","date_gmt":"2025-01-07T07:25:09","guid":{"rendered":"http:\/\/ultimeisolation.com\/contacter-le-maitre-de-lisolation-specialiste-de-lisolation-a-beloeil\/"},"modified":"2025-01-29T05:17:52","modified_gmt":"2025-01-29T05:17:52","slug":"contacter-le-maitre-de-lisolation-specialiste-de-lisolation-a-beloeil","status":"publish","type":"page","link":"https:\/\/ultimeisolation.com\/fr\/contacter-le-maitre-de-lisolation-specialiste-de-lisolation-a-beloeil\/","title":{"rendered":"Nous joindre"},"content":{"rendered":"<body>\t\t<div data-elementor-type=\"wp-page\" data-elementor-id=\"3099\" class=\"elementor elementor-3099 elementor-35\" data-elementor-post-type=\"page\">\n\t\t\t\t<div class=\"elementor-element elementor-element-05ff1ea e-con-full e-flex e-con e-child\" data-id=\"05ff1ea\" data-element_type=\"container\" data-e-type=\"container\" data-settings='{\"background_background\":\"classic\"}'>\n\t\t\t\t<div class=\"elementor-element elementor-element-45e49b3 elementor-widget elementor-widget-heading\" data-id=\"45e49b3\" data-element_type=\"widget\" data-e-type=\"widget\" data-widget_type=\"heading.default\">\n\t\t\t\t<div class=\"elementor-widget-container\">\n\t\t\t\t\t<h2 class=\"elementor-heading-title elementor-size-default\">Nous joindre<\/h2>\t\t\t\t<\/div>\n\t\t\t\t<\/div>\n\t\t\t\t<\/div>\n\t\t<div class=\"elementor-element elementor-element-4fbc4cb e-flex e-con-boxed e-con e-parent\" data-id=\"4fbc4cb\" data-element_type=\"container\" data-e-type=\"container\">\n\t\t\t\t\t<div class=\"e-con-inner\">\n\t\t\t\t<div class=\"elementor-element elementor-element-04a5b23 elementor-widget elementor-widget-heading\" data-id=\"04a5b23\" data-element_type=\"widget\" data-e-type=\"widget\" data-widget_type=\"heading.default\">\n\t\t\t\t<div class=\"elementor-widget-container\">\n\t\t\t\t\t<h2 class=\"elementor-heading-title elementor-size-default\">Inspection gratuite!<\/h2>\t\t\t\t<\/div>\n\t\t\t\t<\/div>\n\t\t\t\t<div class=\"elementor-element elementor-element-76f4a84 elementor-widget elementor-widget-text-editor\" data-id=\"76f4a84\" data-element_type=\"widget\" data-e-type=\"widget\" data-widget_type=\"text-editor.default\">\n\t\t\t\t<div class=\"elementor-widget-container\">\n\t\t\t\t\t\t\t\t\t<p>Obtenez un rendez-vous d\u00e8s aujourd\u2019hui pour une inspection sans frais avec l\u2019un de nos sp\u00e9cialistes. <strong>Nos services sont disponibles dans le grand Montr\u00e9al, Rive-Sud, Rive-Nord, l\u2019Estrie et les environs.<\/strong><\/p>\n<p>Pour toute question ou localisation, n\u2019h\u00e9sitez pas \u00e0 nous contacter.<\/p>\n\t\t\t\t\t\t\t\t<\/div>\n\t\t\t\t<\/div>\n\t\t\t\t\t<\/div>\n\t\t\t\t<\/div>\n\t\t<div class=\"elementor-element elementor-element-fdcbbfa e-con-full e-flex e-con e-parent\" data-id=\"fdcbbfa\" data-element_type=\"container\" data-e-type=\"container\">\n\t\t<div class=\"elementor-element elementor-element-ed27242 e-con-full e-flex e-con e-child\" data-id=\"ed27242\" data-element_type=\"container\" data-e-type=\"container\" data-settings='{\"background_background\":\"classic\"}'>\n\t\t<div class=\"elementor-element elementor-element-e753cec e-con-full elementor-hidden-mobile e-flex e-con e-child\" data-id=\"e753cec\" data-element_type=\"container\" data-e-type=\"container\" data-settings='{\"background_background\":\"classic\"}'>\n\t\t\t\t<\/div>\n\t\t<div class=\"elementor-element elementor-element-e09fd9e e-con-full e-flex e-con e-child\" data-id=\"e09fd9e\" data-element_type=\"container\" data-e-type=\"container\">\n\t\t\t\t<div class=\"elementor-element elementor-element-92470a3 elementor-widget elementor-widget-heading\" data-id=\"92470a3\" data-element_type=\"widget\" data-e-type=\"widget\" data-widget_type=\"heading.default\">\n\t\t\t\t<div class=\"elementor-widget-container\">\n\t\t\t\t\t<h2 class=\"elementor-heading-title elementor-size-default\">Nos coordonn\u00e9es<\/h2>\t\t\t\t<\/div>\n\t\t\t\t<\/div>\n\t\t<div class=\"elementor-element elementor-element-fce499a e-con-full contact_us e-flex e-con e-child\" data-id=\"fce499a\" data-element_type=\"container\" data-e-type=\"container\">\n\t\t\t\t<div class=\"elementor-element elementor-element-543d30c elementor-widget elementor-widget-heading\" data-id=\"543d30c\" data-element_type=\"widget\" data-e-type=\"widget\" data-widget_type=\"heading.default\">\n\t\t\t\t<div class=\"elementor-widget-container\">\n\t\t\t\t\t<h2 class=\"elementor-heading-title elementor-size-default\">Adresse<\/h2>\t\t\t\t<\/div>\n\t\t\t\t<\/div>\n\t\t\t\t<div class=\"elementor-element elementor-element-b064783 elementor-widget elementor-widget-text-editor\" data-id=\"b064783\" data-element_type=\"widget\" data-e-type=\"widget\" data-widget_type=\"text-editor.default\">\n\t\t\t\t<div class=\"elementor-widget-container\">\n\t\t\t\t\t\t\t\t\t<p>2001 Blvd. Robert-Bourassa, Montr\u00e9al, QC<\/p>\t\t\t\t\t\t\t\t<\/div>\n\t\t\t\t<\/div>\n\t\t\t\t<\/div>\n\t\t<div class=\"elementor-element elementor-element-2d5967e e-con-full contact_us e-flex e-con e-child\" data-id=\"2d5967e\" data-element_type=\"container\" data-e-type=\"container\">\n\t\t\t\t<div class=\"elementor-element elementor-element-814cc18 elementor-widget elementor-widget-heading\" data-id=\"814cc18\" data-element_type=\"widget\" data-e-type=\"widget\" data-widget_type=\"heading.default\">\n\t\t\t\t<div class=\"elementor-widget-container\">\n\t\t\t\t\t<h2 class=\"elementor-heading-title elementor-size-default\">T\u00e9l\u00e9phone<\/h2>\t\t\t\t<\/div>\n\t\t\t\t<\/div>\n\t\t\t\t<div class=\"elementor-element elementor-element-11990d7 elementor-widget elementor-widget-text-editor\" data-id=\"11990d7\" data-element_type=\"widget\" data-e-type=\"widget\" data-widget_type=\"text-editor.default\">\n\t\t\t\t<div class=\"elementor-widget-container\">\n\t\t\t\t\t\t\t\t\t<p><a class=\"c-link\" href=\"tel:+14382218002\" target=\"_blank\" rel=\"noopener noreferrer\" data-stringify-link=\"tel:+14382218002\" data-sk=\"tooltip_parent\">+1 (438) 221-8002<\/a><\/p>\t\t\t\t\t\t\t\t<\/div>\n\t\t\t\t<\/div>\n\t\t\t\t<\/div>\n\t\t<div class=\"elementor-element elementor-element-c420d03 e-con-full contact_us e-flex e-con e-child\" data-id=\"c420d03\" data-element_type=\"container\" data-e-type=\"container\">\n\t\t\t\t<div class=\"elementor-element elementor-element-1bd6b22 elementor-widget elementor-widget-heading\" data-id=\"1bd6b22\" data-element_type=\"widget\" data-e-type=\"widget\" data-widget_type=\"heading.default\">\n\t\t\t\t<div class=\"elementor-widget-container\">\n\t\t\t\t\t<h2 class=\"elementor-heading-title elementor-size-default\">Courriel<\/h2>\t\t\t\t<\/div>\n\t\t\t\t<\/div>\n\t\t\t\t<div class=\"elementor-element elementor-element-e5b9b47 elementor-widget elementor-widget-text-editor\" data-id=\"e5b9b47\" data-element_type=\"widget\" data-e-type=\"widget\" data-widget_type=\"text-editor.default\">\n\t\t\t\t<div class=\"elementor-widget-container\">\n\t\t\t\t\t\t\t\t\t<p><a class=\"c-link\" href=\"mailto:info@ultimeisolation.com\" target=\"_blank\" rel=\"noopener noreferrer\" data-stringify-link=\"mailto:info@ultimeisolation.com\" data-sk=\"tooltip_parent\" aria-haspopup=\"menu\">info@ultimeisolation.com<\/a><\/p>\t\t\t\t\t\t\t\t<\/div>\n\t\t\t\t<\/div>\n\t\t\t\t<\/div>\n\t\t\t\t<\/div>\n\t\t\t\t<\/div>\n\t\t<div class=\"elementor-element elementor-element-0f436ae e-con-full e-flex e-con e-child\" data-id=\"0f436ae\" data-element_type=\"container\" data-e-type=\"container\" data-settings='{\"background_background\":\"classic\"}'>\n\t\t\t\t<div class=\"elementor-element elementor-element-c4d583d elementor-widget elementor-widget-heading\" data-id=\"c4d583d\" data-element_type=\"widget\" data-e-type=\"widget\" data-widget_type=\"heading.default\">\n\t\t\t\t<div class=\"elementor-widget-container\">\n\t\t\t\t\t<h2 class=\"elementor-heading-title elementor-size-default\"><span style=\"color: #ffffff\">Formulaire de <\/span>  contact<\/h2>\t\t\t\t<\/div>\n\t\t\t\t<\/div>\n\t\t\t\t<div class=\"elementor-element elementor-element-d1cbf86 contact_us elementor-widget elementor-widget-wpforms\" data-id=\"d1cbf86\" data-element_type=\"widget\" data-e-type=\"widget\" data-widget_type=\"wpforms.default\">\n\t\t\t\t<div class=\"elementor-widget-container\">\n\t\t\t\t\t<style id=\"wpforms-css-vars-root\">\n\t\t\t\t:root {\n\t\t\t\t\t--wpforms-field-border-radius: 3px;\n--wpforms-field-border-style: solid;\n--wpforms-field-border-size: 1px;\n--wpforms-field-background-color: #ffffff;\n--wpforms-field-border-color: rgba( 0, 0, 0, 0.25 );\n--wpforms-field-border-color-spare: rgba( 0, 0, 0, 0.25 );\n--wpforms-field-text-color: rgba( 0, 0, 0, 0.7 );\n--wpforms-field-menu-color: #ffffff;\n--wpforms-label-color: rgba( 0, 0, 0, 0.85 );\n--wpforms-label-sublabel-color: rgba( 0, 0, 0, 0.55 );\n--wpforms-label-error-color: #d63637;\n--wpforms-button-border-radius: 3px;\n--wpforms-button-border-style: none;\n--wpforms-button-border-size: 1px;\n--wpforms-button-background-color: #066aab;\n--wpforms-button-border-color: #066aab;\n--wpforms-button-text-color: #ffffff;\n--wpforms-page-break-color: #066aab;\n--wpforms-background-image: none;\n--wpforms-background-position: center center;\n--wpforms-background-repeat: no-repeat;\n--wpforms-background-size: cover;\n--wpforms-background-width: 100px;\n--wpforms-background-height: 100px;\n--wpforms-background-color: rgba( 0, 0, 0, 0 );\n--wpforms-background-url: none;\n--wpforms-container-padding: 0px;\n--wpforms-container-border-style: none;\n--wpforms-container-border-width: 1px;\n--wpforms-container-border-color: #000000;\n--wpforms-container-border-radius: 3px;\n--wpforms-field-size-input-height: 43px;\n--wpforms-field-size-input-spacing: 15px;\n--wpforms-field-size-font-size: 16px;\n--wpforms-field-size-line-height: 19px;\n--wpforms-field-size-padding-h: 14px;\n--wpforms-field-size-checkbox-size: 16px;\n--wpforms-field-size-sublabel-spacing: 5px;\n--wpforms-field-size-icon-size: 1;\n--wpforms-label-size-font-size: 16px;\n--wpforms-label-size-line-height: 19px;\n--wpforms-label-size-sublabel-font-size: 14px;\n--wpforms-label-size-sublabel-line-height: 17px;\n--wpforms-button-size-font-size: 17px;\n--wpforms-button-size-height: 41px;\n--wpforms-button-size-padding-h: 15px;\n--wpforms-button-size-margin-top: 10px;\n--wpforms-container-shadow-size-box-shadow: none;\n\n\t\t\t\t}\n\t\t\t<\/style><style id=\"wpforms-css-vars-elementor-widget-d1cbf86\">\n\t\t\t\t.elementor-widget-wpforms.elementor-element-d1cbf86 {\n\t\t\t\t\t--wpforms-field-border-radius: px;\n--wpforms-field-background-color: #FFFFFF;\n--wpforms-field-border-color: #FFFFFF;\n--wpforms-field-border-color-spare: #FFFFFF;\n--wpforms-field-text-color: #000000;\n--wpforms-field-size-input-height: 50px;\n--wpforms-field-size-input-spacing: 20px;\n--wpforms-field-size-font-size: 18px;\n--wpforms-field-size-line-height: 21px;\n--wpforms-field-size-padding-h: 14px;\n--wpforms-field-size-checkbox-size: 18px;\n--wpforms-field-size-sublabel-spacing: 10px;\n--wpforms-field-size-icon-size: 1.25;\n--wpforms-label-size-font-size: 16px;\n--wpforms-label-size-line-height: 19px;\n--wpforms-label-size-sublabel-font-size: 14px;\n--wpforms-label-size-sublabel-line-height: 17px;\n--wpforms-button-size-font-size: 17px;\n--wpforms-button-size-height: 41px;\n--wpforms-button-size-padding-h: 15px;\n--wpforms-button-size-margin-top: 10px;\n\n\t\t\t\t}\n\t\t\t<\/style><div class=\"wpforms-container wpforms-container-full wpforms-render-modern\" id=\"wpforms-1666\"><form id=\"wpforms-form-1666\" class=\"wpforms-validate wpforms-form wpforms-ajax-form\" data-formid=\"1666\" method=\"post\" enctype=\"multipart\/form-data\" action=\"\/fr\/wp-json\/wp\/v2\/pages\/3099\" data-token=\"c5e143fa902af36c2d4fc4667bb51bbe\" data-token-time=\"1776294692\"><noscript class=\"wpforms-error-noscript\">Veuillez activer JavaScript dans votre navigateur pour remplir ce formulaire.<\/noscript><div class=\"wpforms-hidden\" id=\"wpforms-error-noscript\">Veuillez activer JavaScript dans votre navigateur pour remplir ce formulaire.<\/div><div class=\"wpforms-field-container\"><div id=\"wpforms-1666-field_1-container\" class=\"wpforms-field wpforms-field-name\" data-field-id=\"1\"><label class=\"wpforms-field-label wpforms-label-hide\" for=\"wpforms-1666-field_1\" aria-hidden=\"false\">Full name* <span class=\"wpforms-required-label\" aria-hidden=\"true\">*<\/span><\/label><input type=\"text\" id=\"wpforms-1666-field_1\" class=\"wpforms-field-large wpforms-field-required\" name=\"wpforms[fields][1]\" placeholder=\"Full name*\" aria-errormessage=\"wpforms-1666-field_1-error\" required><\/div><div id=\"wpforms-1666-field_2-container\" class=\"wpforms-field wpforms-field-email\" data-field-id=\"2\"><label class=\"wpforms-field-label wpforms-label-hide\" for=\"wpforms-1666-field_2\" aria-hidden=\"false\">E-mail* <span class=\"wpforms-required-label\" aria-hidden=\"true\">*<\/span><\/label><input type=\"email\" id=\"wpforms-1666-field_2\" class=\"wpforms-field-large wpforms-field-required\" name=\"wpforms[fields][2]\" placeholder=\"E-mail*\" spellcheck=\"false\" aria-errormessage=\"wpforms-1666-field_2-error\" required><\/div><div id=\"wpforms-1666-field_4-container\" class=\"wpforms-field wpforms-field-phone\" data-field-id=\"4\"><label class=\"wpforms-field-label wpforms-label-hide\" for=\"wpforms-1666-field_4\" aria-hidden=\"false\">Phone <span class=\"wpforms-required-label\" aria-hidden=\"true\">*<\/span><\/label><input type=\"tel\" id=\"wpforms-1666-field_4\" class=\"wpforms-field-large wpforms-field-required wpforms-smart-phone-field\" data-rule-smart-phone-field=\"true\" name=\"wpforms[fields][4]\" placeholder=\"Phone\" aria-label=\"Phone\" aria-errormessage=\"wpforms-1666-field_4-error\" required><\/div><div id=\"wpforms-1666-field_5-container\" class=\"wpforms-field wpforms-field-text subject\" data-field-id=\"5\"><label class=\"wpforms-field-label wpforms-label-hide\" for=\"wpforms-1666-field_5\" aria-hidden=\"false\">Subject* <span class=\"wpforms-required-label\" aria-hidden=\"true\">*<\/span><\/label><input type=\"text\" id=\"wpforms-1666-field_5\" class=\"wpforms-field-large wpforms-field-required\" name=\"wpforms[fields][5]\" placeholder=\"Subject*\" aria-errormessage=\"wpforms-1666-field_5-error\" required><\/div><div id=\"wpforms-1666-field_6-container\" class=\"wpforms-field wpforms-field-textarea\" data-field-id=\"6\"><label class=\"wpforms-field-label wpforms-label-hide\" for=\"wpforms-1666-field_6\" aria-hidden=\"false\">Paragraph Text <span class=\"wpforms-required-label\" aria-hidden=\"true\">*<\/span><\/label><textarea id=\"wpforms-1666-field_6\" class=\"wpforms-field-medium wpforms-field-required\" name=\"wpforms[fields][6]\" placeholder=\"Message*\" aria-errormessage=\"wpforms-1666-field_6-error\" required><\/textarea><\/div><\/div><!-- .wpforms-field-container --><div class=\"wpforms-recaptcha-container wpforms-is-recaptcha wpforms-is-recaptcha-type-v3\"><input type=\"hidden\" name=\"wpforms[recaptcha]\" value=\"\"><\/div><div class=\"wpforms-submit-container\"><input type=\"hidden\" name=\"wpforms[id]\" value=\"1666\"><input type=\"hidden\" name=\"page_title\" value=\"\"><input type=\"hidden\" name=\"page_url\" value=\"https:\/\/ultimeisolation.com\/fr\/wp-json\/wp\/v2\/pages\/3099\"><button type=\"submit\" name=\"wpforms[submit]\" id=\"wpforms-submit-1666\" class=\"wpforms-submit\" data-alt-text=\"Sending...\" data-submit-text=\"\" aria-live=\"assertive\" value=\"wpforms-submit\"><\/button><img loading=\"lazy\" decoding=\"async\" src=\"https:\/\/ultimeisolation.com\/wp-content\/plugins\/wpforms\/assets\/images\/submit-spin.svg\" class=\"wpforms-submit-spinner\" style=\"display: none;\" width=\"26\" height=\"26\" alt=\"Chargement en cours\" loading=\"lazy\"><\/div><\/form><\/div>  <!-- .wpforms-container -->\t\t\t\t<\/div>\n\t\t\t\t<\/div>\n\t\t\t\t<\/div>\n\t\t<div class=\"elementor-element elementor-element-b2237c1 e-flex e-con-boxed e-con e-child\" data-id=\"b2237c1\" data-element_type=\"container\" data-e-type=\"container\" data-settings='{\"background_background\":\"classic\",\"position\":\"absolute\"}'>\n\t\t\t\t\t<div class=\"e-con-inner\">\n\t\t\t\t\t<\/div>\n\t\t\t\t<\/div>\n\t\t\t\t<\/div>\n\t\t<div class=\"elementor-element elementor-element-1c1b2f2 e-flex e-con-boxed e-con e-parent\" data-id=\"1c1b2f2\" data-element_type=\"container\" data-e-type=\"container\">\n\t\t\t\t\t<div class=\"e-con-inner\">\n\t\t\t\t<div class=\"elementor-element elementor-element-1a624b2 elementor-widget elementor-widget-image\" data-id=\"1a624b2\" data-element_type=\"widget\" data-e-type=\"widget\" data-widget_type=\"image.default\">\n\t\t\t\t<div class=\"elementor-widget-container\">\n\t\t\t\t\t\t\t\t\t\t\t\t\t\t\t<img loading=\"lazy\" decoding=\"async\" width=\"441\" height=\"217\" src=\"https:\/\/i0.wp.com\/ultimeisolation.com\/wp-content\/uploads\/2025\/01\/deco_galerie.png?fit=441%2C217&amp;ssl=1\" class=\"attachment-large size-large wp-image-982\" alt=\"\" srcset=\"https:\/\/i0.wp.com\/ultimeisolation.com\/wp-content\/uploads\/2025\/01\/deco_galerie.png?w=441&amp;ssl=1 441w, https:\/\/i0.wp.com\/ultimeisolation.com\/wp-content\/uploads\/2025\/01\/deco_galerie.png?resize=300%2C148&amp;ssl=1 300w\" sizes=\"auto, (max-width: 441px) 100vw, 441px\" loading=\"lazy\">\t\t\t\t\t\t\t\t\t\t\t\t\t\t\t<\/div>\n\t\t\t\t<\/div>\n\t\t\t\t\t<\/div>\n\t\t\t\t<\/div>\n\t\t\t\t<\/div>\n\t\t<\/body>","protected":false},"excerpt":{"rendered":"<p>Nous joindre Inspection gratuite! Obtenez un rendez-vous d\u00e8s aujourd&#8217;hui pour une inspection sans frais avec l&#8217;un de nos sp\u00e9cialistes. Nos services sont disponibles dans le grand Montr\u00e9al, Rive-Sud, Rive-Nord, l&#8217;Estrie et les environs. Pour toute question ou localisation, n&#8217;h\u00e9sitez pas \u00e0 nous contacter. Nos coordonn\u00e9es Adresse 2001 Blvd. Robert-Bourassa, Montr\u00e9al, QC T\u00e9l\u00e9phone +1 (438) 221-8002 [&hellip;]<\/p>\n","protected":false},"author":2,"featured_media":0,"parent":0,"menu_order":0,"comment_status":"closed","ping_status":"closed","template":"","meta":{"footnotes":""},"class_list":["post-3099","page","type-page","status-publish","hentry"],"jetpack_sharing_enabled":true,"_links":{"self":[{"href":"https:\/\/ultimeisolation.com\/fr\/wp-json\/wp\/v2\/pages\/3099","targetHints":{"allow":["GET"]}}],"collection":[{"href":"https:\/\/ultimeisolation.com\/fr\/wp-json\/wp\/v2\/pages"}],"about":[{"href":"https:\/\/ultimeisolation.com\/fr\/wp-json\/wp\/v2\/types\/page"}],"author":[{"embeddable":true,"href":"https:\/\/ultimeisolation.com\/fr\/wp-json\/wp\/v2\/users\/2"}],"replies":[{"embeddable":true,"href":"https:\/\/ultimeisolation.com\/fr\/wp-json\/wp\/v2\/comments?post=3099"}],"version-history":[{"count":5,"href":"https:\/\/ultimeisolation.com\/fr\/wp-json\/wp\/v2\/pages\/3099\/revisions"}],"predecessor-version":[{"id":3520,"href":"https:\/\/ultimeisolation.com\/fr\/wp-json\/wp\/v2\/pages\/3099\/revisions\/3520"}],"wp:attachment":[{"href":"https:\/\/ultimeisolation.com\/fr\/wp-json\/wp\/v2\/media?parent=3099"}],"curies":[{"name":"wp","href":"https:\/\/api.w.org\/{rel}","templated":true}]}}