{"id":3101,"date":"2025-01-07T07:23:21","date_gmt":"2025-01-07T07:23:21","guid":{"rendered":"http:\/\/ultimeisolation.com\/financement-pour-travaux-disolation-maitre-de-lisolation-financement\/"},"modified":"2025-04-03T18:13:20","modified_gmt":"2025-04-03T18:13:20","slug":"financement-pour-travaux-disolation-maitre-de-lisolation-financement","status":"publish","type":"page","link":"https:\/\/ultimeisolation.com\/fr\/financement-pour-travaux-disolation-maitre-de-lisolation-financement\/","title":{"rendered":"Financement"},"content":{"rendered":"<body>\t\t<div data-elementor-type=\"wp-page\" data-elementor-id=\"3101\" class=\"elementor elementor-3101 elementor-31\" data-elementor-post-type=\"page\">\n\t\t\t\t<div class=\"elementor-element elementor-element-a27d0ec e-con-full e-flex e-con e-parent\" data-id=\"a27d0ec\" data-element_type=\"container\" data-e-type=\"container\">\n\t\t<div class=\"elementor-element elementor-element-e295327 e-con-full e-flex e-con e-child\" data-id=\"e295327\" data-element_type=\"container\" data-e-type=\"container\" data-settings='{\"background_background\":\"classic\"}'>\n\t\t\t\t<div class=\"elementor-element elementor-element-ccb7051 elementor-widget elementor-widget-heading\" data-id=\"ccb7051\" data-element_type=\"widget\" data-e-type=\"widget\" data-widget_type=\"heading.default\">\n\t\t\t\t<div class=\"elementor-widget-container\">\n\t\t\t\t\t<h2 class=\"elementor-heading-title elementor-size-default\">Financement<\/h2>\t\t\t\t<\/div>\n\t\t\t\t<\/div>\n\t\t\t\t<\/div>\n\t\t<div class=\"elementor-element elementor-element-3373a03 e-con-full e-flex e-con e-child\" data-id=\"3373a03\" data-element_type=\"container\" data-e-type=\"container\">\n\t\t\t\t<div class=\"elementor-element elementor-element-c6cfc47 elementor-widget elementor-widget-image\" data-id=\"c6cfc47\" data-element_type=\"widget\" data-e-type=\"widget\" data-widget_type=\"image.default\">\n\t\t\t\t<div class=\"elementor-widget-container\">\n\t\t\t\t\t\t\t\t\t\t\t\t\t\t\t<img loading=\"lazy\" decoding=\"async\" width=\"1920\" height=\"450\" src=\"https:\/\/i0.wp.com\/ultimeisolation.com\/wp-content\/uploads\/2025\/01\/download-16-1.jpg?fit=1920%2C450&amp;ssl=1\" class=\"attachment-full size-full wp-image-1862\" alt=\"\" srcset=\"https:\/\/i0.wp.com\/ultimeisolation.com\/wp-content\/uploads\/2025\/01\/download-16-1.jpg?w=1920&amp;ssl=1 1920w, https:\/\/i0.wp.com\/ultimeisolation.com\/wp-content\/uploads\/2025\/01\/download-16-1.jpg?resize=300%2C70&amp;ssl=1 300w, https:\/\/i0.wp.com\/ultimeisolation.com\/wp-content\/uploads\/2025\/01\/download-16-1.jpg?resize=1024%2C240&amp;ssl=1 1024w, https:\/\/i0.wp.com\/ultimeisolation.com\/wp-content\/uploads\/2025\/01\/download-16-1.jpg?resize=768%2C180&amp;ssl=1 768w, https:\/\/i0.wp.com\/ultimeisolation.com\/wp-content\/uploads\/2025\/01\/download-16-1.jpg?resize=1536%2C360&amp;ssl=1 1536w, https:\/\/i0.wp.com\/ultimeisolation.com\/wp-content\/uploads\/2025\/01\/download-16-1.jpg?w=1600 1600w\" sizes=\"auto, (max-width: 800px) 100vw, 800px\" loading=\"lazy\">\t\t\t\t\t\t\t\t\t\t\t\t\t\t\t<\/div>\n\t\t\t\t<\/div>\n\t\t\t\t<\/div>\n\t\t\t\t<\/div>\n\t\t<div class=\"elementor-element elementor-element-7e59c61 e-flex e-con-boxed e-con e-parent\" data-id=\"7e59c61\" data-element_type=\"container\" data-e-type=\"container\" data-settings='{\"background_background\":\"classic\"}'>\n\t\t\t\t\t<div class=\"e-con-inner\">\n\t\t\t\t<div class=\"elementor-element elementor-element-f7d6b27 elementor-widget elementor-widget-heading\" data-id=\"f7d6b27\" data-element_type=\"widget\" data-e-type=\"widget\" data-widget_type=\"heading.default\">\n\t\t\t\t<div class=\"elementor-widget-container\">\n\t\t\t\t\t<h2 class=\"elementor-heading-title elementor-size-default\">Financement\u2026 selon vos moyens<\/h2>\t\t\t\t<\/div>\n\t\t\t\t<\/div>\n\t\t\t\t<div class=\"elementor-element elementor-element-50fe9db elementor-icon-list--layout-traditional elementor-list-item-link-full_width elementor-widget elementor-widget-icon-list\" data-id=\"50fe9db\" data-element_type=\"widget\" data-e-type=\"widget\" data-widget_type=\"icon-list.default\">\n\t\t\t\t<div class=\"elementor-widget-container\">\n\t\t\t\t\t\t\t<ul class=\"elementor-icon-list-items\">\n\t\t\t\t\t\t\t<li class=\"elementor-icon-list-item\">\n\t\t\t\t\t\t\t\t\t\t<span class=\"elementor-icon-list-text\">Des impr\u00e9vus, \u00e7a arrive \u00e0 tout le monde. Chez <strong data-start=\"114\" data-end=\"134\">Isolation Ultime<\/strong>, nous comprenons votre situation et sommes l\u00e0 pour vous aider \u00e0 trouver les solutions les plus efficaces et les mieux adapt\u00e9es \u00e0 vos besoins.<\/span>\n\t\t\t\t\t\t\t\t\t<\/li>\n\t\t\t\t\t\t\t\t<li class=\"elementor-icon-list-item\">\n\t\t\t\t\t\t\t\t\t\t<span class=\"elementor-icon-list-text\">Qu\u2019il s\u2019agisse de r\u00e9parations urgentes, de co\u00fbts de r\u00e9novation qui d\u00e9passent votre budget ou de toute autre situation n\u00e9cessitant un coup de pouce financier, notre priorit\u00e9 chez <strong data-start=\"283\" data-end=\"303\">Isolation Ultime<\/strong> est de trouver un terrain d\u2019entente.<br data-start=\"340\" data-end=\"343\">\nNous nous engageons \u00e0 vous accompagner afin de r\u00e9gler vos probl\u00e8mes d\u2019isolation \u2014 et m\u00eame \u00e0 concr\u00e9tiser votre projet \u2014 en toute tranquillit\u00e9 d\u2019esprit.<\/span>\n\t\t\t\t\t\t\t\t\t<\/li>\n\t\t\t\t\t\t<\/ul>\n\t\t\t\t\t\t<\/div>\n\t\t\t\t<\/div>\n\t\t\t\t\t<\/div>\n\t\t\t\t<\/div>\n\t\t<div class=\"elementor-element elementor-element-cecee16 e-flex e-con-boxed e-con e-parent\" data-id=\"cecee16\" data-element_type=\"container\" data-e-type=\"container\" data-settings='{\"background_background\":\"classic\"}'>\n\t\t\t\t\t<div class=\"e-con-inner\">\n\t\t\t\t<div class=\"elementor-element elementor-element-924b237 elementor-widget elementor-widget-heading\" data-id=\"924b237\" data-element_type=\"widget\" data-e-type=\"widget\" data-widget_type=\"heading.default\">\n\t\t\t\t<div class=\"elementor-widget-container\">\n\t\t\t\t\t<h2 class=\"elementor-heading-title elementor-size-default\">Des solutions de paiement<\/h2>\t\t\t\t<\/div>\n\t\t\t\t<\/div>\n\t\t\t\t<div class=\"elementor-element elementor-element-b13301f elementor-icon-list--layout-traditional elementor-list-item-link-full_width elementor-widget elementor-widget-icon-list\" data-id=\"b13301f\" data-element_type=\"widget\" data-e-type=\"widget\" data-widget_type=\"icon-list.default\">\n\t\t\t\t<div class=\"elementor-widget-container\">\n\t\t\t\t\t\t\t<ul class=\"elementor-icon-list-items\">\n\t\t\t\t\t\t\t<li class=\"elementor-icon-list-item\">\n\t\t\t\t\t\t\t\t\t\t<span class=\"elementor-icon-list-text\">Maitre de l'Isolation vous soutient en tant que propri\u00e9taire-occupant, en offrant le financement appropri\u00e9 \u00e0 votre situation. Notre but est de vous aider \u00e0 faire avancer votre ou vos projets en r\u00e9novations et ce, sans ajouts de co\u00fbts fixes \u00e0 votre budget.<\/span>\n\t\t\t\t\t\t\t\t\t<\/li>\n\t\t\t\t\t\t\t\t<li class=\"elementor-icon-list-item\">\n\t\t\t\t\t\t\t\t\t\t<span class=\"elementor-icon-list-text\">En pr\u00e9voyant des offres de paiements mensuels abordables, cela vous donnera la possibilit\u00e9 de faire des achats en fonction de vos besoins et non pas de votre budget.<\/span>\n\t\t\t\t\t\t\t\t\t<\/li>\n\t\t\t\t\t\t<\/ul>\n\t\t\t\t\t\t<\/div>\n\t\t\t\t<\/div>\n\t\t\t\t\t<\/div>\n\t\t\t\t<\/div>\n\t\t<div class=\"elementor-element elementor-element-2e635e8 more-information e-flex e-con-boxed e-con e-parent\" data-id=\"2e635e8\" data-element_type=\"container\" data-e-type=\"container\" data-settings='{\"background_background\":\"classic\"}'>\n\t\t\t\t\t<div class=\"e-con-inner\">\n\t\t\t\t<div class=\"elementor-element elementor-element-df302f1 elementor-widget elementor-widget-heading\" data-id=\"df302f1\" data-element_type=\"widget\" data-e-type=\"widget\" data-widget_type=\"heading.default\">\n\t\t\t\t<div class=\"elementor-widget-container\">\n\t\t\t\t\t<h2 class=\"elementor-heading-title elementor-size-default\">Pour plus d\u2019informations...<\/h2>\t\t\t\t<\/div>\n\t\t\t\t<\/div>\n\t\t\t\t<div class=\"elementor-element elementor-element-115909b elementor-widget elementor-widget-text-editor\" data-id=\"115909b\" data-element_type=\"widget\" data-e-type=\"widget\" data-widget_type=\"text-editor.default\">\n\t\t\t\t<div class=\"elementor-widget-container\">\n\t\t\t\t\t\t\t\t\t<p>appelez votre Maitre de l\u2019Isolation maintenant au <a class=\"c-link\" href=\"tel:+14382218002\" target=\"_blank\" rel=\"noopener noreferrer\" data-stringify-link=\"tel:+14382218002\" data-sk=\"tooltip_parent\">+1 (438) 221-8002<\/a><br>Ou par courriel \u00e0 l\u2019adresse <a class=\"c-link\" href=\"mailto:info@ultimeisolation.com\" target=\"_blank\" rel=\"noopener noreferrer\" data-stringify-link=\"mailto:info@ultimeisolation.com\" data-sk=\"tooltip_parent\" aria-haspopup=\"menu\">info@ultimeisolation.com<\/a><\/p>\t\t\t\t\t\t\t\t<\/div>\n\t\t\t\t<\/div>\n\t\t\t\t\t<\/div>\n\t\t\t\t<\/div>\n\t\t<div class=\"elementor-element elementor-element-6e89312 e-flex e-con-boxed e-con e-parent\" data-id=\"6e89312\" data-element_type=\"container\" data-e-type=\"container\" data-settings='{\"background_background\":\"classic\"}'>\n\t\t\t\t\t<div class=\"e-con-inner\">\n\t\t<div class=\"elementor-element elementor-element-4e64bfa e-con-full animation_btn_2 e-flex e-con e-child\" data-id=\"4e64bfa\" data-element_type=\"container\" data-e-type=\"container\" data-settings='{\"background_background\":\"classic\"}'>\n\t\t\t\t<div class=\"elementor-element elementor-element-9cc6a77 elementor-view-stacked elementor-widget__width-auto elementor-absolute btn_icon elementor-shape-circle elementor-widget elementor-widget-icon\" data-id=\"9cc6a77\" data-element_type=\"widget\" data-e-type=\"widget\" data-settings='{\"_position\":\"absolute\"}' data-widget_type=\"icon.default\">\n\t\t\t\t<div class=\"elementor-widget-container\">\n\t\t\t\t\t\t\t<div class=\"elementor-icon-wrapper\">\n\t\t\t<div class=\"elementor-icon\">\n\t\t\t<svg xmlns=\"http:\/\/www.w3.org\/2000\/svg\" viewbox=\"0 0 32 32\"><title>3-Arrow Right<\/title><g id=\"_3-Arrow_Right\" data-name=\"3-Arrow Right\"><path d=\"M31.71,15.29l-10-10L20.29,6.71,28.59,15H0v2H28.59l-8.29,8.29,1.41,1.41,10-10A1,1,0,0,0,31.71,15.29Z\"><\/path><\/g><\/svg>\t\t\t<\/div>\n\t\t<\/div>\n\t\t\t\t\t\t<\/div>\n\t\t\t\t<\/div>\n\t\t\t\t<div class=\"elementor-element elementor-element-0e8cc7b animation_btn elementor-widget elementor-widget-button\" data-id=\"0e8cc7b\" data-element_type=\"widget\" data-e-type=\"widget\" data-widget_type=\"button.default\">\n\t\t\t\t<div class=\"elementor-widget-container\">\n\t\t\t\t\t\t\t\t\t<div class=\"elementor-button-wrapper\">\n\t\t\t\t\t<a class=\"elementor-button elementor-button-link elementor-size-sm\" href=\"http:\/\/ultimeisolation.com\/fr\/contacter-le-maitre-de-lisolation-specialiste-de-lisolation-a-beloeil\/\">\n\t\t\t\t\t\t<span class=\"elementor-button-content-wrapper\">\n\t\t\t\t\t\t\t\t\t<span class=\"elementor-button-text\">Contactez-nous pour en savoir plus<\/span>\n\t\t\t\t\t<\/span>\n\t\t\t\t\t<\/a>\n\t\t\t\t<\/div>\n\t\t\t\t\t\t\t\t<\/div>\n\t\t\t\t<\/div>\n\t\t\t\t<\/div>\n\t\t\t\t\t<\/div>\n\t\t\t\t<\/div>\n\t\t\t\t<\/div>\n\t\t<\/body>","protected":false},"excerpt":{"rendered":"<p>Financement Financement\u2026 selon vos moyens Des impr\u00e9vus, \u00e7a arrive \u00e0 tout le monde. Chez Isolation Ultime, nous comprenons votre situation et sommes l\u00e0 pour vous aider \u00e0 trouver les solutions les plus efficaces et les mieux adapt\u00e9es \u00e0 vos besoins. Qu\u2019il s\u2019agisse de r\u00e9parations urgentes, de co\u00fbts de r\u00e9novation qui d\u00e9passent votre budget ou de [&hellip;]<\/p>\n","protected":false},"author":2,"featured_media":0,"parent":0,"menu_order":0,"comment_status":"closed","ping_status":"closed","template":"","meta":{"footnotes":""},"class_list":["post-3101","page","type-page","status-publish","hentry"],"jetpack_sharing_enabled":true,"_links":{"self":[{"href":"https:\/\/ultimeisolation.com\/fr\/wp-json\/wp\/v2\/pages\/3101","targetHints":{"allow":["GET"]}}],"collection":[{"href":"https:\/\/ultimeisolation.com\/fr\/wp-json\/wp\/v2\/pages"}],"about":[{"href":"https:\/\/ultimeisolation.com\/fr\/wp-json\/wp\/v2\/types\/page"}],"author":[{"embeddable":true,"href":"https:\/\/ultimeisolation.com\/fr\/wp-json\/wp\/v2\/users\/2"}],"replies":[{"embeddable":true,"href":"https:\/\/ultimeisolation.com\/fr\/wp-json\/wp\/v2\/comments?post=3101"}],"version-history":[{"count":5,"href":"https:\/\/ultimeisolation.com\/fr\/wp-json\/wp\/v2\/pages\/3101\/revisions"}],"predecessor-version":[{"id":3537,"href":"https:\/\/ultimeisolation.com\/fr\/wp-json\/wp\/v2\/pages\/3101\/revisions\/3537"}],"wp:attachment":[{"href":"https:\/\/ultimeisolation.com\/fr\/wp-json\/wp\/v2\/media?parent=3101"}],"curies":[{"name":"wp","href":"https:\/\/api.w.org\/{rel}","templated":true}]}}