{"id":3103,"date":"2025-01-10T13:43:05","date_gmt":"2025-01-10T13:43:05","guid":{"rendered":"http:\/\/ultimeisolation.com\/le-maitre-de-lisolation\/"},"modified":"2025-01-22T07:06:49","modified_gmt":"2025-01-22T07:06:49","slug":"le-maitre-de-lisolation","status":"publish","type":"page","link":"https:\/\/ultimeisolation.com\/fr\/le-maitre-de-lisolation\/","title":{"rendered":"Soumission en ligne"},"content":{"rendered":"<body>\t\t<div data-elementor-type=\"wp-page\" data-elementor-id=\"3103\" class=\"elementor elementor-3103 elementor-1899\" data-elementor-post-type=\"page\">\n\t\t\t\t<div class=\"elementor-element elementor-element-c02750d e-con-full e-flex e-con e-child\" data-id=\"c02750d\" data-element_type=\"container\" data-e-type=\"container\" data-settings='{\"background_background\":\"classic\"}'>\n\t\t\t\t<div class=\"elementor-element elementor-element-f6fdc39 elementor-widget elementor-widget-heading\" data-id=\"f6fdc39\" data-element_type=\"widget\" data-e-type=\"widget\" data-widget_type=\"heading.default\">\n\t\t\t\t<div class=\"elementor-widget-container\">\n\t\t\t\t\t<h2 class=\"elementor-heading-title elementor-size-default\">Soumission en ligne<\/h2>\t\t\t\t<\/div>\n\t\t\t\t<\/div>\n\t\t\t\t<\/div>\n\t\t<div class=\"elementor-element elementor-element-01d6306 e-flex e-con-boxed e-con e-parent\" data-id=\"01d6306\" data-element_type=\"container\" data-e-type=\"container\">\n\t\t\t\t\t<div class=\"e-con-inner\">\n\t\t\t\t<div class=\"elementor-element elementor-element-e6f78d6 elementor-widget elementor-widget-text-editor\" data-id=\"e6f78d6\" data-element_type=\"widget\" data-e-type=\"widget\" data-widget_type=\"text-editor.default\">\n\t\t\t\t<div class=\"elementor-widget-container\">\n\t\t\t\t\t\t\t\t\t<p>Vous d\u00e9sirez obtenir une soumission ou vous avez tout simplement besoin de l\u2019expertise de nos conseillers ? Compl\u00e9tez ce formulaire d\u00e8s maintenant. <strong> Nos professionnels se feront un plaisir de vous accompagner dans l\u2019execution de votre projet !<\/strong><\/p>\n\t\t\t\t\t\t\t\t<\/div>\n\t\t\t\t<\/div>\n\t\t\t\t\t<\/div>\n\t\t\t\t<\/div>\n\t\t<div class=\"elementor-element elementor-element-fe0d578 e-con-full e-flex e-con e-child\" data-id=\"fe0d578\" data-element_type=\"container\" data-e-type=\"container\" data-settings='{\"background_background\":\"classic\"}'>\n\t\t<div class=\"elementor-element elementor-element-edfb338 e-con-full elementor-hidden-mobile e-flex e-con e-child\" data-id=\"edfb338\" data-element_type=\"container\" data-e-type=\"container\" data-settings='{\"background_background\":\"classic\"}'>\n\t\t\t\t<\/div>\n\t\t<div class=\"elementor-element elementor-element-c7dd946 e-con-full e-flex e-con e-child\" data-id=\"c7dd946\" data-element_type=\"container\" data-e-type=\"container\">\n\t\t\t\t<div class=\"elementor-element elementor-element-a768ce4 elementor-widget elementor-widget-heading\" data-id=\"a768ce4\" data-element_type=\"widget\" data-e-type=\"widget\" data-widget_type=\"heading.default\">\n\t\t\t\t<div class=\"elementor-widget-container\">\n\t\t\t\t\t<h2 class=\"elementor-heading-title elementor-size-default\">Vos informations<\/h2>\t\t\t\t<\/div>\n\t\t\t\t<\/div>\n\t\t\t\t<div class=\"elementor-element elementor-element-6281174 online_form elementor-widget__width-initial elementor-widget elementor-widget-wpforms\" data-id=\"6281174\" data-element_type=\"widget\" data-e-type=\"widget\" data-widget_type=\"wpforms.default\">\n\t\t\t\t<div class=\"elementor-widget-container\">\n\t\t\t\t\t<style id=\"wpforms-css-vars-root\">\n\t\t\t\t:root {\n\t\t\t\t\t--wpforms-field-border-radius: 3px;\n--wpforms-field-border-style: solid;\n--wpforms-field-border-size: 1px;\n--wpforms-field-background-color: #ffffff;\n--wpforms-field-border-color: rgba( 0, 0, 0, 0.25 );\n--wpforms-field-border-color-spare: rgba( 0, 0, 0, 0.25 );\n--wpforms-field-text-color: rgba( 0, 0, 0, 0.7 );\n--wpforms-field-menu-color: #ffffff;\n--wpforms-label-color: rgba( 0, 0, 0, 0.85 );\n--wpforms-label-sublabel-color: rgba( 0, 0, 0, 0.55 );\n--wpforms-label-error-color: #d63637;\n--wpforms-button-border-radius: 3px;\n--wpforms-button-border-style: none;\n--wpforms-button-border-size: 1px;\n--wpforms-button-background-color: #066aab;\n--wpforms-button-border-color: #066aab;\n--wpforms-button-text-color: #ffffff;\n--wpforms-page-break-color: #066aab;\n--wpforms-background-image: none;\n--wpforms-background-position: center center;\n--wpforms-background-repeat: no-repeat;\n--wpforms-background-size: cover;\n--wpforms-background-width: 100px;\n--wpforms-background-height: 100px;\n--wpforms-background-color: rgba( 0, 0, 0, 0 );\n--wpforms-background-url: none;\n--wpforms-container-padding: 0px;\n--wpforms-container-border-style: none;\n--wpforms-container-border-width: 1px;\n--wpforms-container-border-color: #000000;\n--wpforms-container-border-radius: 3px;\n--wpforms-field-size-input-height: 43px;\n--wpforms-field-size-input-spacing: 15px;\n--wpforms-field-size-font-size: 16px;\n--wpforms-field-size-line-height: 19px;\n--wpforms-field-size-padding-h: 14px;\n--wpforms-field-size-checkbox-size: 16px;\n--wpforms-field-size-sublabel-spacing: 5px;\n--wpforms-field-size-icon-size: 1;\n--wpforms-label-size-font-size: 16px;\n--wpforms-label-size-line-height: 19px;\n--wpforms-label-size-sublabel-font-size: 14px;\n--wpforms-label-size-sublabel-line-height: 17px;\n--wpforms-button-size-font-size: 17px;\n--wpforms-button-size-height: 41px;\n--wpforms-button-size-padding-h: 15px;\n--wpforms-button-size-margin-top: 10px;\n--wpforms-container-shadow-size-box-shadow: none;\n\n\t\t\t\t}\n\t\t\t<\/style><style id=\"wpforms-css-vars-elementor-widget-6281174\">\n\t\t\t\t.elementor-widget-wpforms.elementor-element-6281174 {\n\t\t\t\t\t--wpforms-field-border-radius: px;\n--wpforms-field-background-color: #FFFFFF;\n--wpforms-field-border-color: #C3C3C3;\n--wpforms-field-border-color-spare: #C3C3C3;\n--wpforms-field-text-color: #495057;\n--wpforms-button-border-radius: 50px;\n--wpforms-button-background-color: #066aab;\n--wpforms-button-text-color: #D52326;\n--wpforms-button-background-color-alt: #FFFFFF00;\n--wpforms-field-size-input-height: 50px;\n--wpforms-field-size-input-spacing: 20px;\n--wpforms-field-size-font-size: 18px;\n--wpforms-field-size-line-height: 21px;\n--wpforms-field-size-padding-h: 14px;\n--wpforms-field-size-checkbox-size: 18px;\n--wpforms-field-size-sublabel-spacing: 10px;\n--wpforms-field-size-icon-size: 1.25;\n--wpforms-label-size-font-size: 18px;\n--wpforms-label-size-line-height: 21px;\n--wpforms-label-size-sublabel-font-size: 16px;\n--wpforms-label-size-sublabel-line-height: 19px;\n--wpforms-button-size-font-size: 17px;\n--wpforms-button-size-height: 41px;\n--wpforms-button-size-padding-h: 15px;\n--wpforms-button-size-margin-top: 10px;\n\n\t\t\t\t}\n\t\t\t<\/style><div class=\"wpforms-container wpforms-container-full wpforms-render-modern\" id=\"wpforms-1904\"><form id=\"wpforms-form-1904\" class=\"wpforms-validate wpforms-form wpforms-ajax-form\" data-formid=\"1904\" method=\"post\" enctype=\"multipart\/form-data\" action=\"\/fr\/wp-json\/wp\/v2\/pages\/3103\" data-token=\"c9bdbfe9f57a7ae66bbe94d571a04dbd\" data-token-time=\"1776294632\"><noscript class=\"wpforms-error-noscript\">Veuillez activer JavaScript dans votre navigateur pour remplir ce formulaire.<\/noscript><div class=\"wpforms-hidden\" id=\"wpforms-error-noscript\">Veuillez activer JavaScript dans votre navigateur pour remplir ce formulaire.<\/div><div class=\"wpforms-field-container\"><div id=\"wpforms-1904-field_2-container\" class=\"wpforms-field wpforms-field-name\" data-field-id=\"2\"><label class=\"wpforms-field-label wpforms-label-hide\" for=\"wpforms-1904-field_2\" aria-hidden=\"false\">Name <span class=\"wpforms-required-label\" aria-hidden=\"true\">*<\/span><\/label><input type=\"text\" id=\"wpforms-1904-field_2\" class=\"wpforms-field-large wpforms-field-required\" name=\"wpforms[fields][2]\" placeholder=\"Full name*\" aria-errormessage=\"wpforms-1904-field_2-error\" required><\/div><div id=\"wpforms-1904-field_3-container\" class=\"wpforms-field wpforms-field-phone\" data-field-id=\"3\"><label class=\"wpforms-field-label wpforms-label-hide\" for=\"wpforms-1904-field_3\" aria-hidden=\"false\">Phone number* <span class=\"wpforms-required-label\" aria-hidden=\"true\">*<\/span><\/label><input type=\"tel\" id=\"wpforms-1904-field_3\" class=\"wpforms-field-large wpforms-field-required wpforms-smart-phone-field\" data-rule-smart-phone-field=\"true\" name=\"wpforms[fields][3]\" placeholder=\"Phone number*\" aria-label=\"Phone number*\" aria-errormessage=\"wpforms-1904-field_3-error\" required><\/div><div id=\"wpforms-1904-field_4-container\" class=\"wpforms-field wpforms-field-email\" data-field-id=\"4\"><label class=\"wpforms-field-label wpforms-label-hide\" for=\"wpforms-1904-field_4\" aria-hidden=\"false\">Email* <span class=\"wpforms-required-label\" aria-hidden=\"true\">*<\/span><\/label><input type=\"email\" id=\"wpforms-1904-field_4\" class=\"wpforms-field-large wpforms-field-required\" name=\"wpforms[fields][4]\" placeholder=\"Email*\" spellcheck=\"false\" aria-errormessage=\"wpforms-1904-field_4-error\" required><\/div><div id=\"wpforms-1904-field_5-container\" class=\"wpforms-field wpforms-field-address\" data-field-id=\"5\"><fieldset><legend class=\"wpforms-field-label wpforms-label-hide\" aria-hidden=\"false\">Address <span class=\"wpforms-required-label\" aria-hidden=\"true\">*<\/span><\/legend><div class=\"wpforms-field-row wpforms-field-large\"><div><input type=\"text\" id=\"wpforms-1904-field_5\" class=\"wpforms-field-address-address1 wpforms-field-required\" name=\"wpforms[fields][5][address1]\" placeholder=\"Address*\" aria-errormessage=\"wpforms-1904-field_5-error\" required><label for=\"wpforms-1904-field_5\" class=\"wpforms-field-sublabel after wpforms-sublabel-hide\">Adresse ligne\u00a01<\/label><\/div><\/div><div class=\"wpforms-field-row wpforms-field-large\"><div class=\"wpforms-field-row-block wpforms-one-half wpforms-first\"><input type=\"text\" id=\"wpforms-1904-field_5-city\" class=\"wpforms-field-address-city wpforms-field-required\" name=\"wpforms[fields][5][city]\" placeholder=\"City*\" aria-errormessage=\"wpforms-1904-field_5-city-error\" required><label for=\"wpforms-1904-field_5-city\" class=\"wpforms-field-sublabel after wpforms-sublabel-hide\">Ville<\/label><\/div><div class=\"wpforms-field-row-block wpforms-one-half\"><input type=\"text\" id=\"wpforms-1904-field_5-state\" class=\"wpforms-field-address-state wpforms-field-required\" name=\"wpforms[fields][5][state]\" placeholder=\"State\" aria-errormessage=\"wpforms-1904-field_5-state-error\" required><label for=\"wpforms-1904-field_5-state\" class=\"wpforms-field-sublabel after wpforms-sublabel-hide\">\u00c9tat \/ Province \/ R\u00e9gion<\/label><\/div><\/div><div class=\"wpforms-field-row wpforms-field-large\"><div class=\"wpforms-field-row-block wpforms-one-half wpforms-first\"><input type=\"text\" id=\"wpforms-1904-field_5-postal\" class=\"wpforms-field-address-postal wpforms-field-required\" name=\"wpforms[fields][5][postal]\" placeholder=\"Postal code\" aria-errormessage=\"wpforms-1904-field_5-postal-error\" required><label for=\"wpforms-1904-field_5-postal\" class=\"wpforms-field-sublabel after wpforms-sublabel-hide\">Code postal<\/label><\/div><\/div><\/fieldset><\/div><div id=\"wpforms-1904-field_7-container\" class=\"wpforms-field wpforms-field-textarea\" data-field-id=\"7\"><label class=\"wpforms-field-label wpforms-label-hide\" for=\"wpforms-1904-field_7\" aria-hidden=\"false\">Paragraph Text <span class=\"wpforms-required-label\" aria-hidden=\"true\">*<\/span><\/label><textarea id=\"wpforms-1904-field_7\" class=\"wpforms-field-medium wpforms-field-required\" name=\"wpforms[fields][7]\" placeholder=\"Description of your project*\" aria-errormessage=\"wpforms-1904-field_7-error\" required><\/textarea><\/div><\/div><!-- .wpforms-field-container --><div class=\"wpforms-recaptcha-container wpforms-is-recaptcha wpforms-is-recaptcha-type-v3\"><input type=\"hidden\" name=\"wpforms[recaptcha]\" value=\"\"><\/div><div class=\"wpforms-submit-container\"><input type=\"hidden\" name=\"wpforms[id]\" value=\"1904\"><input type=\"hidden\" name=\"page_title\" value=\"\"><input type=\"hidden\" name=\"page_url\" value=\"https:\/\/ultimeisolation.com\/fr\/wp-json\/wp\/v2\/pages\/3103\"><button type=\"submit\" name=\"wpforms[submit]\" id=\"wpforms-submit-1904\" class=\"wpforms-submit\" data-alt-text=\"Sending...\" data-submit-text=\"Send request\" aria-live=\"assertive\" value=\"wpforms-submit\">Send request<\/button><img loading=\"lazy\" decoding=\"async\" src=\"https:\/\/ultimeisolation.com\/wp-content\/plugins\/wpforms\/assets\/images\/submit-spin.svg\" class=\"wpforms-submit-spinner\" style=\"display: none;\" width=\"26\" height=\"26\" alt=\"Chargement en cours\" loading=\"lazy\"><\/div><\/form><\/div>  <!-- .wpforms-container -->\t\t\t\t<\/div>\n\t\t\t\t<\/div>\n\t\t\t\t<\/div>\n\t\t\t\t<\/div>\n\t\t<div class=\"elementor-element elementor-element-6dbffd6 e-flex e-con-boxed e-con e-parent\" data-id=\"6dbffd6\" data-element_type=\"container\" data-e-type=\"container\">\n\t\t\t\t\t<div class=\"e-con-inner\">\n\t\t\t\t<div class=\"elementor-element elementor-element-711252f elementor-widget elementor-widget-image\" data-id=\"711252f\" data-element_type=\"widget\" data-e-type=\"widget\" data-widget_type=\"image.default\">\n\t\t\t\t<div class=\"elementor-widget-container\">\n\t\t\t\t\t\t\t\t\t\t\t\t\t\t\t<img loading=\"lazy\" decoding=\"async\" width=\"441\" height=\"217\" src=\"https:\/\/i0.wp.com\/ultimeisolation.com\/wp-content\/uploads\/2025\/01\/deco_galerie.png?fit=441%2C217&amp;ssl=1\" class=\"attachment-large size-large wp-image-982\" alt=\"\" srcset=\"https:\/\/i0.wp.com\/ultimeisolation.com\/wp-content\/uploads\/2025\/01\/deco_galerie.png?w=441&amp;ssl=1 441w, https:\/\/i0.wp.com\/ultimeisolation.com\/wp-content\/uploads\/2025\/01\/deco_galerie.png?resize=300%2C148&amp;ssl=1 300w\" sizes=\"auto, (max-width: 441px) 100vw, 441px\" loading=\"lazy\">\t\t\t\t\t\t\t\t\t\t\t\t\t\t\t<\/div>\n\t\t\t\t<\/div>\n\t\t\t\t\t<\/div>\n\t\t\t\t<\/div>\n\t\t\t\t<\/div>\n\t\t<\/body>","protected":false},"excerpt":{"rendered":"<p>Soumission en ligne Vous d\u00e9sirez obtenir une soumission ou vous avez tout simplement besoin de l&#8217;expertise de nos conseillers ? Compl\u00e9tez ce formulaire d\u00e8s maintenant. Nos professionnels se feront un plaisir de vous accompagner dans l&#8217;execution de votre projet ! Vos informations Please enable JavaScript in your browser to complete this form.Please enable JavaScript in [&hellip;]<\/p>\n","protected":false},"author":2,"featured_media":0,"parent":0,"menu_order":0,"comment_status":"closed","ping_status":"closed","template":"","meta":{"footnotes":""},"class_list":["post-3103","page","type-page","status-publish","hentry"],"jetpack_sharing_enabled":true,"_links":{"self":[{"href":"https:\/\/ultimeisolation.com\/fr\/wp-json\/wp\/v2\/pages\/3103","targetHints":{"allow":["GET"]}}],"collection":[{"href":"https:\/\/ultimeisolation.com\/fr\/wp-json\/wp\/v2\/pages"}],"about":[{"href":"https:\/\/ultimeisolation.com\/fr\/wp-json\/wp\/v2\/types\/page"}],"author":[{"embeddable":true,"href":"https:\/\/ultimeisolation.com\/fr\/wp-json\/wp\/v2\/users\/2"}],"replies":[{"embeddable":true,"href":"https:\/\/ultimeisolation.com\/fr\/wp-json\/wp\/v2\/comments?post=3103"}],"version-history":[{"count":5,"href":"https:\/\/ultimeisolation.com\/fr\/wp-json\/wp\/v2\/pages\/3103\/revisions"}],"predecessor-version":[{"id":3408,"href":"https:\/\/ultimeisolation.com\/fr\/wp-json\/wp\/v2\/pages\/3103\/revisions\/3408"}],"wp:attachment":[{"href":"https:\/\/ultimeisolation.com\/fr\/wp-json\/wp\/v2\/media?parent=3103"}],"curies":[{"name":"wp","href":"https:\/\/api.w.org\/{rel}","templated":true}]}}