{"id":3106,"date":"2025-01-07T07:24:39","date_gmt":"2025-01-07T07:24:39","guid":{"rendered":"http:\/\/ultimeisolation.com\/a-propos-du-maitre-de-lisolation-compagnie-disolation-a-beloeil-a-propos\/"},"modified":"2025-04-03T18:09:09","modified_gmt":"2025-04-03T18:09:09","slug":"a-propos-du-maitre-de-lisolation-compagnie-disolation-a-beloeil-a-propos","status":"publish","type":"page","link":"https:\/\/ultimeisolation.com\/fr\/a-propos-du-maitre-de-lisolation-compagnie-disolation-a-beloeil-a-propos\/","title":{"rendered":"\u00c0 propos"},"content":{"rendered":"<body>\t\t<div data-elementor-type=\"wp-page\" data-elementor-id=\"3106\" class=\"elementor elementor-3106 elementor-33\" data-elementor-post-type=\"page\">\n\t\t\t\t<div class=\"elementor-element elementor-element-f223ebf e-con-full e-flex e-con e-parent\" data-id=\"f223ebf\" data-element_type=\"container\" data-e-type=\"container\">\n\t\t<div class=\"elementor-element elementor-element-ec68008 e-con-full e-flex e-con e-child\" data-id=\"ec68008\" data-element_type=\"container\" data-e-type=\"container\" data-settings='{\"background_background\":\"classic\"}'>\n\t\t\t\t<div class=\"elementor-element elementor-element-80ca633 elementor-widget elementor-widget-heading\" data-id=\"80ca633\" data-element_type=\"widget\" data-e-type=\"widget\" data-widget_type=\"heading.default\">\n\t\t\t\t<div class=\"elementor-widget-container\">\n\t\t\t\t\t<h2 class=\"elementor-heading-title elementor-size-default\">\u00c0 propos<\/h2>\t\t\t\t<\/div>\n\t\t\t\t<\/div>\n\t\t\t\t<\/div>\n\t\t<div class=\"elementor-element elementor-element-e006723 e-con-full e-flex e-con e-child\" data-id=\"e006723\" data-element_type=\"container\" data-e-type=\"container\">\n\t\t\t\t<div class=\"elementor-element elementor-element-9baa40d elementor-widget elementor-widget-image\" data-id=\"9baa40d\" data-element_type=\"widget\" data-e-type=\"widget\" data-widget_type=\"image.default\">\n\t\t\t\t<div class=\"elementor-widget-container\">\n\t\t\t\t\t\t\t\t\t\t\t\t\t\t\t<img loading=\"lazy\" decoding=\"async\" width=\"1920\" height=\"450\" src=\"https:\/\/i0.wp.com\/ultimeisolation.com\/wp-content\/uploads\/2025\/01\/download-37-1.jpg?fit=1920%2C450&amp;ssl=1\" class=\"attachment-full size-full wp-image-2637\" alt=\"\" srcset=\"https:\/\/i0.wp.com\/ultimeisolation.com\/wp-content\/uploads\/2025\/01\/download-37-1.jpg?w=1920&amp;ssl=1 1920w, https:\/\/i0.wp.com\/ultimeisolation.com\/wp-content\/uploads\/2025\/01\/download-37-1.jpg?resize=300%2C70&amp;ssl=1 300w, https:\/\/i0.wp.com\/ultimeisolation.com\/wp-content\/uploads\/2025\/01\/download-37-1.jpg?resize=1024%2C240&amp;ssl=1 1024w, https:\/\/i0.wp.com\/ultimeisolation.com\/wp-content\/uploads\/2025\/01\/download-37-1.jpg?resize=768%2C180&amp;ssl=1 768w, https:\/\/i0.wp.com\/ultimeisolation.com\/wp-content\/uploads\/2025\/01\/download-37-1.jpg?resize=1536%2C360&amp;ssl=1 1536w, https:\/\/i0.wp.com\/ultimeisolation.com\/wp-content\/uploads\/2025\/01\/download-37-1.jpg?w=1600 1600w\" sizes=\"auto, (max-width: 800px) 100vw, 800px\" loading=\"lazy\">\t\t\t\t\t\t\t\t\t\t\t\t\t\t\t<\/div>\n\t\t\t\t<\/div>\n\t\t\t\t<\/div>\n\t\t\t\t<\/div>\n\t\t<div class=\"elementor-element elementor-element-3d3d55b articlecontent e-flex e-con-boxed e-con e-parent\" data-id=\"3d3d55b\" data-element_type=\"container\" data-e-type=\"container\" data-settings='{\"background_background\":\"classic\"}'>\n\t\t\t\t\t<div class=\"e-con-inner\">\n\t\t<div class=\"elementor-element elementor-element-fd3cabc e-con-full e-flex e-con e-child\" data-id=\"fd3cabc\" data-element_type=\"container\" data-e-type=\"container\" data-settings='{\"background_background\":\"classic\"}'>\n\t\t\t\t<div class=\"elementor-element elementor-element-165a792 elementor-widget elementor-widget-heading\" data-id=\"165a792\" data-element_type=\"widget\" data-e-type=\"widget\" data-widget_type=\"heading.default\">\n\t\t\t\t<div class=\"elementor-widget-container\">\n\t\t\t\t\t<h2 class=\"elementor-heading-title elementor-size-default\">A\u0300 propos des experts en isolation<\/h2>\t\t\t\t<\/div>\n\t\t\t\t<\/div>\n\t\t\t\t<div class=\"elementor-element elementor-element-49ce466 elementor-widget elementor-widget-text-editor\" data-id=\"49ce466\" data-element_type=\"widget\" data-e-type=\"widget\" data-widget_type=\"text-editor.default\">\n\t\t\t\t<div class=\"elementor-widget-container\">\n\t\t\t\t\t\t\t\t\t<p><strong data-start=\"61\" data-end=\"81\">Isolation Ultime<\/strong> porte fi\u00e8rement son nom, car nous sommes la r\u00e9f\u00e9rence en isolation dans le Grand Montr\u00e9al, sur la Rive-Sud, la Rive-Nord, ainsi qu\u2019en Estrie.<\/p>\t\t\t\t\t\t\t\t<\/div>\n\t\t\t\t<\/div>\n\t\t\t\t<div class=\"elementor-element elementor-element-ce84d73 elementor-widget elementor-widget-text-editor\" data-id=\"ce84d73\" data-element_type=\"widget\" data-e-type=\"widget\" data-widget_type=\"text-editor.default\">\n\t\t\t\t<div class=\"elementor-widget-container\">\n\t\t\t\t\t\t\t\t\t<p class=\"\" data-start=\"114\" data-end=\"503\"><strong data-start=\"114\" data-end=\"139\">Isolation ultime<\/strong> est un regroupement de professionnels certifi\u00e9s, d\u00e9vou\u00e9s \u00e0 offrir un service de la plus haute qualit\u00e9. Notre priorit\u00e9 : votre satisfaction.<br data-start=\"279\" data-end=\"282\">Au fil des ann\u00e9es, notre r\u00e9putation s\u2019est solidifi\u00e9e gr\u00e2ce \u00e0 une relation de confiance \u00e9tablie avec des centaines de clients satisfaits.<br data-start=\"418\" data-end=\"421\">Pour tous vos travaux d\u2019isolation, faites confiance \u00e0 une entreprise d\u2019exp\u00e9rience.<\/p>\t\t\t\t\t\t\t\t<\/div>\n\t\t\t\t<\/div>\n\t\t\t\t<div class=\"elementor-element elementor-element-841dfda elementor-widget elementor-widget-text-editor\" data-id=\"841dfda\" data-element_type=\"widget\" data-e-type=\"widget\" data-widget_type=\"text-editor.default\">\n\t\t\t\t<div class=\"elementor-widget-container\">\n\t\t\t\t\t\t\t\t\t<p>Que ce soit pour des projets r\u00e9sidentiels ou commerciaux, nous vous offrons un mat\u00e9riau isolant de qualit\u00e9 sup\u00e9rieure, adapt\u00e9 \u00e0 tous les types d\u2019immeubles.<\/p>\t\t\t\t\t\t\t\t<\/div>\n\t\t\t\t<\/div>\n\t\t\t\t<div class=\"elementor-element elementor-element-0865ad9 elementor-widget elementor-widget-text-editor\" data-id=\"0865ad9\" data-element_type=\"widget\" data-e-type=\"widget\" data-widget_type=\"text-editor.default\">\n\t\t\t\t<div class=\"elementor-widget-container\">\n\t\t\t\t\t\t\t\t\t<p>Une fois vos besoins bien cibl\u00e9s, nos experts sauront vous conseiller et vous proposer la solution la mieux adapt\u00e9e, tout en respectant votre budget.<\/p>\t\t\t\t\t\t\t\t<\/div>\n\t\t\t\t<\/div>\n\t\t\t\t<div class=\"elementor-element elementor-element-4cecf3b elementor-widget elementor-widget-text-editor\" data-id=\"4cecf3b\" data-element_type=\"widget\" data-e-type=\"widget\" data-widget_type=\"text-editor.default\">\n\t\t\t\t<div class=\"elementor-widget-container\">\n\t\t\t\t\t\t\t\t\t<p class=\"\" data-start=\"64\" data-end=\"133\">La satisfaction compl\u00e8te de nos clients est au c\u0153ur de notre mission.<\/p>\t\t\t\t\t\t\t\t<\/div>\n\t\t\t\t<\/div>\n\t\t\t\t<div class=\"elementor-element elementor-element-d6b05f9 elementor-widget elementor-widget-text-editor\" data-id=\"d6b05f9\" data-element_type=\"widget\" data-e-type=\"widget\" data-widget_type=\"text-editor.default\">\n\t\t\t\t<div class=\"elementor-widget-container\">\n\t\t\t\t\t\t\t\t\t<p>Cela se refl\u00e8te dans l\u2019ex\u00e9cution d\u2019un travail professionnel irr\u00e9prochable, dans le choix de mat\u00e9riaux de qualit\u00e9 sup\u00e9rieure, ainsi que dans un service in\u00e9gal\u00e9 qui nous distingue de la concurrence.<\/p>\t\t\t\t\t\t\t\t<\/div>\n\t\t\t\t<\/div>\n\t\t\t\t<div class=\"elementor-element elementor-element-4daa46b elementor-widget elementor-widget-text-editor\" data-id=\"4daa46b\" data-element_type=\"widget\" data-e-type=\"widget\" data-widget_type=\"text-editor.default\">\n\t\t\t\t<div class=\"elementor-widget-container\">\n\t\t\t\t\t\t\t\t\t<p>Signe\u0301\u2026 Isolation Ultime Inc.<\/p>\t\t\t\t\t\t\t\t<\/div>\n\t\t\t\t<\/div>\n\t\t\t\t<div class=\"elementor-element elementor-element-5c6e5ca elementor-widget elementor-widget-text-editor\" data-id=\"5c6e5ca\" data-element_type=\"widget\" data-e-type=\"widget\" data-widget_type=\"text-editor.default\">\n\t\t\t\t<div class=\"elementor-widget-container\">\n\t\t\t\t\t\t\t\t\t<p>Contactez-nous d\u00e8s aujourd\u2019hui pour obtenir une soumission gratuite et red\u00e9couvrez le confort absolu de votre foyer.<\/p>\t\t\t\t\t\t\t\t<\/div>\n\t\t\t\t<\/div>\n\t\t\t\t<\/div>\n\t\t<div class=\"elementor-element elementor-element-4c7376e e-con-full e-flex e-con e-child\" data-id=\"4c7376e\" data-element_type=\"container\" data-e-type=\"container\">\n\t\t\t\t<div class=\"elementor-element elementor-element-18398a7 elementor-widget elementor-widget-image\" data-id=\"18398a7\" data-element_type=\"widget\" data-e-type=\"widget\" data-settings='{\"sticky\":\"top\",\"sticky_parent\":\"yes\",\"sticky_on\":[\"desktop\",\"laptop\",\"tablet\",\"mobile\"],\"sticky_offset\":0,\"sticky_effects_offset\":0,\"sticky_anchor_link_offset\":0}' data-widget_type=\"image.default\">\n\t\t\t\t<div class=\"elementor-widget-container\">\n\t\t\t\t\t\t\t\t\t\t\t\t\t\t\t<img loading=\"lazy\" decoding=\"async\" width=\"612\" height=\"408\" src=\"https:\/\/i0.wp.com\/ultimeisolation.com\/wp-content\/uploads\/2025\/01\/download-17.jpg?fit=612%2C408&amp;ssl=1\" class=\"attachment-full size-full wp-image-1875\" alt=\"\" srcset=\"https:\/\/i0.wp.com\/ultimeisolation.com\/wp-content\/uploads\/2025\/01\/download-17.jpg?w=612&amp;ssl=1 612w, https:\/\/i0.wp.com\/ultimeisolation.com\/wp-content\/uploads\/2025\/01\/download-17.jpg?resize=300%2C200&amp;ssl=1 300w\" sizes=\"auto, (max-width: 612px) 100vw, 612px\" loading=\"lazy\">\t\t\t\t\t\t\t\t\t\t\t\t\t\t\t<\/div>\n\t\t\t\t<\/div>\n\t\t\t\t<\/div>\n\t\t\t\t\t<\/div>\n\t\t\t\t<\/div>\n\t\t<div class=\"elementor-element elementor-element-5e64042 e-flex e-con-boxed e-con e-parent\" data-id=\"5e64042\" data-element_type=\"container\" data-e-type=\"container\" data-settings='{\"background_background\":\"classic\"}'>\n\t\t\t\t\t<div class=\"e-con-inner\">\n\t\t<div class=\"elementor-element elementor-element-d21bdbb e-con-full animation_btn_2 e-flex e-con e-child\" data-id=\"d21bdbb\" data-element_type=\"container\" data-e-type=\"container\" data-settings='{\"background_background\":\"classic\"}'>\n\t\t\t\t<div class=\"elementor-element elementor-element-6f4437c elementor-view-stacked elementor-widget__width-auto elementor-absolute btn_icon elementor-shape-circle elementor-widget elementor-widget-icon\" data-id=\"6f4437c\" data-element_type=\"widget\" data-e-type=\"widget\" data-settings='{\"_position\":\"absolute\"}' data-widget_type=\"icon.default\">\n\t\t\t\t<div class=\"elementor-widget-container\">\n\t\t\t\t\t\t\t<div class=\"elementor-icon-wrapper\">\n\t\t\t<div class=\"elementor-icon\">\n\t\t\t<svg xmlns=\"http:\/\/www.w3.org\/2000\/svg\" viewbox=\"0 0 32 32\"><title>3-Arrow Right<\/title><g id=\"_3-Arrow_Right\" data-name=\"3-Arrow Right\"><path d=\"M31.71,15.29l-10-10L20.29,6.71,28.59,15H0v2H28.59l-8.29,8.29,1.41,1.41,10-10A1,1,0,0,0,31.71,15.29Z\"><\/path><\/g><\/svg>\t\t\t<\/div>\n\t\t<\/div>\n\t\t\t\t\t\t<\/div>\n\t\t\t\t<\/div>\n\t\t\t\t<div class=\"elementor-element elementor-element-c1ac7a2 animation_btn elementor-widget elementor-widget-button\" data-id=\"c1ac7a2\" data-element_type=\"widget\" data-e-type=\"widget\" data-widget_type=\"button.default\">\n\t\t\t\t<div class=\"elementor-widget-container\">\n\t\t\t\t\t\t\t\t\t<div class=\"elementor-button-wrapper\">\n\t\t\t\t\t<a class=\"elementor-button elementor-button-link elementor-size-sm\" href=\"https:\/\/ultimeisolation.com\/fr\/le-maitre-de-lisolation\/\">\n\t\t\t\t\t\t<span class=\"elementor-button-content-wrapper\">\n\t\t\t\t\t\t\t\t\t<span class=\"elementor-button-text\">SOUMISSION GRATUITE<\/span>\n\t\t\t\t\t<\/span>\n\t\t\t\t\t<\/a>\n\t\t\t\t<\/div>\n\t\t\t\t\t\t\t\t<\/div>\n\t\t\t\t<\/div>\n\t\t\t\t<\/div>\n\t\t\t\t\t<\/div>\n\t\t\t\t<\/div>\n\t\t\t\t<\/div>\n\t\t<\/body>","protected":false},"excerpt":{"rendered":"<p>\u00c0 propos A\u0300 propos des experts en isolation Isolation Ultime porte fi\u00e8rement son nom, car nous sommes la r\u00e9f\u00e9rence en isolation dans le Grand Montr\u00e9al, sur la Rive-Sud, la Rive-Nord, ainsi qu\u2019en Estrie. Isolation ultime est un regroupement de professionnels certifi\u00e9s, d\u00e9vou\u00e9s \u00e0 offrir un service de la plus haute qualit\u00e9. Notre priorit\u00e9 : votre [&hellip;]<\/p>\n","protected":false},"author":2,"featured_media":0,"parent":0,"menu_order":0,"comment_status":"closed","ping_status":"closed","template":"","meta":{"footnotes":""},"class_list":["post-3106","page","type-page","status-publish","hentry"],"jetpack_sharing_enabled":true,"_links":{"self":[{"href":"https:\/\/ultimeisolation.com\/fr\/wp-json\/wp\/v2\/pages\/3106","targetHints":{"allow":["GET"]}}],"collection":[{"href":"https:\/\/ultimeisolation.com\/fr\/wp-json\/wp\/v2\/pages"}],"about":[{"href":"https:\/\/ultimeisolation.com\/fr\/wp-json\/wp\/v2\/types\/page"}],"author":[{"embeddable":true,"href":"https:\/\/ultimeisolation.com\/fr\/wp-json\/wp\/v2\/users\/2"}],"replies":[{"embeddable":true,"href":"https:\/\/ultimeisolation.com\/fr\/wp-json\/wp\/v2\/comments?post=3106"}],"version-history":[{"count":5,"href":"https:\/\/ultimeisolation.com\/fr\/wp-json\/wp\/v2\/pages\/3106\/revisions"}],"predecessor-version":[{"id":3529,"href":"https:\/\/ultimeisolation.com\/fr\/wp-json\/wp\/v2\/pages\/3106\/revisions\/3529"}],"wp:attachment":[{"href":"https:\/\/ultimeisolation.com\/fr\/wp-json\/wp\/v2\/media?parent=3106"}],"curies":[{"name":"wp","href":"https:\/\/api.w.org\/{rel}","templated":true}]}}